{"id":5916,"date":"2020-06-04T15:49:02","date_gmt":"2020-06-04T15:49:02","guid":{"rendered":"https:\/\/canaryislandsfilm.com\/?page_id=5916"},"modified":"2020-06-16T07:58:35","modified_gmt":"2020-06-16T07:58:35","slug":"we-are-back","status":"publish","type":"page","link":"https:\/\/canaryislandsfilm.com\/en\/we-are-back\/","title":{"rendered":"We are back"},"content":{"rendered":"[vc_row dfd_row_config=&#8221;full_width_content&#8221; dfd_bg_style=&#8221;image&#8221; dfd_parallax_style=&#8221;dfd_vertical_parallax&#8221; dfd_overlay_color=&#8221;#45a842&#8243; dfd_overlay_pattern_opacity=&#8221;100&#8243; css=&#8221;.vc_custom_1591203658653{background-color: #45a842 !important;}&#8221;][vc_column][dfd_spacer screen_wide_resolution=&#8221;1280&#8243; screen_wide_spacer_size=&#8221;35&#8243; screen_normal_resolution=&#8221;1024&#8243; screen_tablet_resolution=&#8221;800&#8243; screen_mobile_resolution=&#8221;480&#8243; screen_normal_spacer_size=&#8221;35&#8243; screen_tablet_spacer_size=&#8221;25&#8243; screen_mobile_spacer_size=&#8221;20&#8243;][vc_column_text]\n<h3 style=\"text-align: center;\"><span style=\"color: #ffffff;\"><b>Film shootings resume in the Canaries, now with 50% direct deduction <\/b><\/span><\/h3>\n[\/vc_column_text][dfd_spacer screen_wide_resolution=&#8221;1280&#8243; screen_wide_spacer_size=&#8221;35&#8243; screen_normal_resolution=&#8221;1024&#8243; screen_tablet_resolution=&#8221;800&#8243; screen_mobile_resolution=&#8221;480&#8243; screen_normal_spacer_size=&#8221;35&#8243; screen_tablet_spacer_size=&#8221;25&#8243; screen_mobile_spacer_size=&#8221;20&#8243;][\/vc_column][\/vc_row][vc_row force_equal_height_columns=&#8221;main_row&#8221;][vc_column width=&#8221;1\/2&#8243;][dfd_spacer screen_wide_resolution=&#8221;1280&#8243; screen_wide_spacer_size=&#8221;35&#8243; screen_normal_resolution=&#8221;1024&#8243; screen_tablet_resolution=&#8221;800&#8243; screen_mobile_resolution=&#8221;480&#8243; screen_normal_spacer_size=&#8221;35&#8243; screen_tablet_spacer_size=&#8221;25&#8243; screen_mobile_spacer_size=&#8221;20&#8243;][vc_column_text]\n<h6>After having to stop film shooting for two months due to the Covid-19, the Canary Islands are currently positioned as an ideal location to start filming again. And they\u2019re back offering an increase to their attractive tax incentives, which make them one of the best film shooting destinations in the world.<\/h6>\n<h6>Since 6th May, and to be granted retroactively since 1 January, foreign productions shot in the Canaries can benefit from a <b>50% deduction on the first million spent on the island and 45% from then on. <\/b>The main requirements for shooting real images have not changed: the total production budget must be over 2 million euros and at least 1 million euros must be spent on the Islands. As for Animation or VFX, minimum expenditure stands at 200,000 euros.<\/h6>\n[\/vc_column_text][dfd_spacer screen_wide_resolution=&#8221;1280&#8243; screen_wide_spacer_size=&#8221;35&#8243; screen_normal_resolution=&#8221;1024&#8243; screen_tablet_resolution=&#8221;800&#8243; screen_mobile_resolution=&#8221;480&#8243; screen_normal_spacer_size=&#8221;35&#8243; screen_tablet_spacer_size=&#8221;25&#8243; screen_mobile_spacer_size=&#8221;20&#8243;][\/vc_column][vc_column width=&#8221;1\/2&#8243;][dfd_spacer screen_wide_resolution=&#8221;1280&#8243; screen_wide_spacer_size=&#8221;35&#8243; screen_normal_resolution=&#8221;1024&#8243; screen_tablet_resolution=&#8221;800&#8243; screen_mobile_resolution=&#8221;480&#8243; screen_normal_spacer_size=&#8221;35&#8243; screen_tablet_spacer_size=&#8221;25&#8243; screen_mobile_spacer_size=&#8221;20&#8243;][vc_single_image image=&#8221;5873&#8243; img_size=&#8221;full&#8221; alignment=&#8221;center&#8221;][dfd_spacer screen_wide_resolution=&#8221;1280&#8243; screen_wide_spacer_size=&#8221;35&#8243; screen_normal_resolution=&#8221;1024&#8243; screen_tablet_resolution=&#8221;800&#8243; screen_mobile_resolution=&#8221;480&#8243; screen_normal_spacer_size=&#8221;35&#8243; screen_tablet_spacer_size=&#8221;25&#8243; screen_mobile_spacer_size=&#8221;20&#8243;][announcement align=&#8221;align-center&#8221; module_animation=&#8221;transition.flipXIn&#8221; main_style=&#8221;style-2&#8243; main_layout=&#8221;layout-1&#8243; icon_color=&#8221;#ffffff&#8221; icon_bg=&#8221;#a04995&#8243;]\n<h6>Download the Canary Islands Film <a href=\"https:\/\/canaryislandsfilm.com\/wp-content\/uploads\/2020\/06\/TAXENGCIF-min.pdf\" target=\"_blank\" rel=\"noopener noreferrer\"><strong>Tax Guide<\/strong><\/a><\/h6>\n[\/announcement][dfd_spacer screen_wide_resolution=&#8221;1280&#8243; screen_wide_spacer_size=&#8221;35&#8243; screen_normal_resolution=&#8221;1024&#8243; screen_tablet_resolution=&#8221;800&#8243; screen_mobile_resolution=&#8221;480&#8243; screen_normal_spacer_size=&#8221;35&#8243; screen_tablet_spacer_size=&#8221;25&#8243; screen_mobile_spacer_size=&#8221;20&#8243;][\/vc_column][\/vc_row][vc_row force_equal_height_columns=&#8221;main_row&#8221; dfd_row_config=&#8221;full_width_content&#8221; dfd_bg_style=&#8221;image&#8221; dfd_parallax_style=&#8221;dfd_vertical_parallax&#8221; dfd_bg_image_new=&#8221;682&#8243; dfd_bg_img_attach=&#8221;fixed&#8221; dfd_parallax_sense=&#8221;65&#8243; dfd_overlay_color=&#8221;#000000&#8243; dfd_overlay_pattern_opacity=&#8221;45&#8243;][vc_column width=&#8221;1\/6&#8243;][\/vc_column][vc_column width=&#8221;2\/3&#8243;][dfd_spacer screen_wide_resolution=&#8221;1280&#8243; screen_wide_spacer_size=&#8221;55&#8243; screen_normal_resolution=&#8221;1024&#8243; screen_tablet_resolution=&#8221;800&#8243; screen_mobile_resolution=&#8221;480&#8243; screen_normal_spacer_size=&#8221;45&#8243; screen_tablet_spacer_size=&#8221;35&#8243; screen_mobile_spacer_size=&#8221;25&#8243;][vc_column_text]\n<h6 style=\"padding-left: 40px; text-align: center;\"><span style=\"color: #ffffff;\">The Canary Islands are among the Spanish regions that have best managed to contain the health crisis caused by the Covid-19. So, <b>since 11 May, shooting in interior and exterior locations on the islands is allowed<\/b>. The local professionals are back to work and follow a safety measures protocol backed by the Ministry of Culture and the main Spanish film associations. The Canaries\u2019 major airports have been reactivated for international flights and are expecting to open the \u2018safe corridors\u2019 in July.<\/span><\/h6>\n[\/vc_column_text][dfd_spacer screen_wide_resolution=&#8221;1280&#8243; screen_wide_spacer_size=&#8221;55&#8243; screen_normal_resolution=&#8221;1024&#8243; screen_tablet_resolution=&#8221;800&#8243; screen_mobile_resolution=&#8221;480&#8243; screen_normal_spacer_size=&#8221;45&#8243; screen_tablet_spacer_size=&#8221;35&#8243; screen_mobile_spacer_size=&#8221;25&#8243;][\/vc_column][vc_column width=&#8221;1\/6&#8243;][\/vc_column][\/vc_row][vc_row force_equal_height_columns=&#8221;main_row&#8221; dfd_row_config=&#8221;full_width_content&#8221;][vc_column width=&#8221;1\/6&#8243; offset=&#8221;vc_hidden-sm vc_hidden-xs&#8221;][\/vc_column][vc_column width=&#8221;5\/12&#8243;][announcement align=&#8221;align-center&#8221; module_animation=&#8221;transition.flipXIn&#8221; main_style=&#8221;style-2&#8243; main_layout=&#8221;layout-1&#8243; icon_color=&#8221;#ffffff&#8221; icon_bg=&#8221;#a04995&#8243;]\n<h6>See the <a href=\"http:\/\/shootinginspain.info\/imagenes\/documentos\/covid19-good-practices-guide-safe-shootings-64-es.pdf\" target=\"_blank\" rel=\"noopener noreferrer\"><strong>safety measures protocol<\/strong><\/a> for filming<\/h6>\n[\/announcement][dfd_spacer screen_wide_resolution=&#8221;1280&#8243; screen_wide_spacer_size=&#8221;35&#8243; screen_normal_resolution=&#8221;1024&#8243; screen_tablet_resolution=&#8221;800&#8243; screen_mobile_resolution=&#8221;480&#8243; screen_normal_spacer_size=&#8221;35&#8243; screen_tablet_spacer_size=&#8221;25&#8243; screen_mobile_spacer_size=&#8221;20&#8243;][vc_column_text]\n<h6 style=\"text-align: center;\">It is a fact that shooting is back in the Canaries. That <b>you can now bring your Spanish crew to the<\/b> <b>islands <\/b>is a fact too. Proof of it is the filming of the second season of <b>Movistar+ series <\/b><b><i>Hierro<\/i><\/b> that has already started.<\/h6>\n<h6 style=\"text-align: center;\">Thanks to a strict health protocol developed by Movistar+, Portocabo, ARTE France and Atlantique Productions, in collaboration with the Government of the Canary Islands and the Cabildo de El Hierro, the crew and cast are back on this tiny Canary Island and on set.<\/h6>\n<h6 style=\"text-align: center;\">Would you like to have a similar protocol to shoot your film in the Canaries? Get in touch with us: <a href=\"mailto:hello@canaryislandsfilm.com\">hello@canaryislandsfilm.com<\/a><\/h6>\n[\/vc_column_text][\/vc_column][vc_column width=&#8221;5\/12&#8243;][vc_single_image image=&#8221;5762&#8243; img_size=&#8221;full&#8221;][\/vc_column][\/vc_row][vc_row force_equal_height_columns=&#8221;main_row&#8221; dfd_row_config=&#8221;full_width_content&#8221; dfd_overlay_color=&#8221;#59bbcf&#8221; dfd_overlay_pattern_opacity=&#8221;100&#8243; css=&#8221;.vc_custom_1592292428541{background-color: #59bbcf !important;}&#8221;][vc_column width=&#8221;1\/2&#8243;][videoplayer main_style=&#8221;style-1&#8243; video_link=&#8221;https:\/\/youtu.be\/l2KpIhK-i0w&#8221; title_font_options=&#8221;tag:div&#8221; subtitle_font_options=&#8221;tag:div&#8221;][\/vc_column][vc_column width=&#8221;1\/2&#8243; css=&#8221;.vc_custom_1592294059611{padding-right: 100px !important;padding-left: 100px !important;}&#8221;][dfd_spacer screen_wide_resolution=&#8221;1280&#8243; screen_wide_spacer_size=&#8221;35&#8243; screen_normal_resolution=&#8221;1024&#8243; screen_tablet_resolution=&#8221;800&#8243; screen_mobile_resolution=&#8221;480&#8243; screen_normal_spacer_size=&#8221;35&#8243; screen_tablet_spacer_size=&#8221;25&#8243; screen_mobile_spacer_size=&#8221;20&#8243;][vc_column_text]\n<h6 style=\"text-align: left;\"><span style=\"color: #ffffff;\">Even more: the Government of the Canary Islands and the Cl\u00faster Audiovisual de Canarias are promoting a <a style=\"color: #ffffff;\" href=\"https:\/\/www.proexca.es\/publicaciones\/post\/16455\/canarias-reactiva-al-sector-audiovisual-mediante-un-formato-pionero-en-espa%C3%B1a-los-rodajes-remotos\"><b>new filming in streaming method<\/b><\/a> <i>\u00a0<\/i> which does not need the director or the head of departments to be physically on the set. This is an ideal formula to shoot commercials as the creative agency, the client, and part of the crew can be in their region or country of origin while shooting interior and exterior locations in the Canary Islands with local crew, who will meet all the health protocols for risk prevention.\u00a0<\/span><\/h6>\n[\/vc_column_text][dfd_spacer screen_wide_resolution=&#8221;1280&#8243; screen_wide_spacer_size=&#8221;35&#8243; screen_normal_resolution=&#8221;1024&#8243; screen_tablet_resolution=&#8221;800&#8243; screen_mobile_resolution=&#8221;480&#8243; screen_normal_spacer_size=&#8221;35&#8243; screen_tablet_spacer_size=&#8221;25&#8243; screen_mobile_spacer_size=&#8221;20&#8243;][\/vc_column][\/vc_row][vc_row dfd_row_config=&#8221;full_width_content&#8221; dfd_overlay_pattern_opacity=&#8221;100&#8243;][vc_column width=&#8221;1\/6&#8243;][\/vc_column][vc_column width=&#8221;2\/3&#8243;][dfd_spacer screen_wide_resolution=&#8221;1280&#8243; screen_wide_spacer_size=&#8221;35&#8243; screen_normal_resolution=&#8221;1024&#8243; screen_tablet_resolution=&#8221;800&#8243; screen_mobile_resolution=&#8221;480&#8243; screen_normal_spacer_size=&#8221;35&#8243; screen_tablet_spacer_size=&#8221;25&#8243; screen_mobile_spacer_size=&#8221;20&#8243;][vc_column_text]\n<h6><span style=\"color: #333333;\">The Canaries are almost back on the path they were following before the pandemic broke out and are a safe destination that is attractive and financially irresistible to filmmakers.\u00a0 In the last year alone, the Islands welcomed 114 productions including the series <i>The Witcher <\/i>(Netflix)<i>, Peacemaker <\/i>(Matila R\u00f6hr<i>), Doctor Who <\/i>(BBC)<i>, The Head (HBO Asia) <\/i>or<i> Sky Rojo <\/i>(Vancouver for Netflix)<i>, <\/i>or the superproduction <i>The Eternals <\/i>(Marvel, Disney)<i>.\u00a0<\/i><\/span><\/h6>\n<h6 style=\"text-align: right;\"><strong><span style=\"color: #333333;\">Canary Islands Film, The Smart Filming<\/span><\/strong><\/h6>\n[\/vc_column_text][dfd_spacer screen_wide_resolution=&#8221;1280&#8243; screen_wide_spacer_size=&#8221;35&#8243; screen_normal_resolution=&#8221;1024&#8243; screen_tablet_resolution=&#8221;800&#8243; screen_mobile_resolution=&#8221;480&#8243; screen_normal_spacer_size=&#8221;35&#8243; screen_tablet_spacer_size=&#8221;25&#8243; screen_mobile_spacer_size=&#8221;20&#8243;][\/vc_column][vc_column width=&#8221;1\/6&#8243;][\/vc_column][\/vc_row]\n","protected":false},"excerpt":{"rendered":"<p>[vc_row dfd_row_config=&#8221;full_width_content&#8221; dfd_bg_style=&#8221;image&#8221; dfd_parallax_style=&#8221;dfd_vertical_parallax&#8221; dfd_overlay_color=&#8221;#45a842&#8243; dfd_overlay_pattern_opacity=&#8221;100&#8243; css=&#8221;.vc_custom_1591203658653{background-color: #45a842 !important;}&#8221;][vc_column][dfd_spacer screen_wide_resolution=&#8221;1280&#8243; screen_wide_spacer_size=&#8221;35&#8243; screen_normal_resolution=&#8221;1024&#8243; screen_tablet_resolution=&#8221;800&#8243; screen_mobile_resolution=&#8221;480&#8243; screen_normal_spacer_size=&#8221;35&#8243; screen_tablet_spacer_size=&#8221;25&#8243; screen_mobile_spacer_size=&#8221;20&#8243;][vc_column_text] Film shootings resume in the Canaries, now with 50% direct deduction [\/vc_column_text][dfd_spacer screen_wide_resolution=&#8221;1280&#8243;&#8230;<\/p>\n","protected":false},"author":1,"featured_media":0,"parent":0,"menu_order":0,"comment_status":"closed","ping_status":"closed","template":"","meta":{"_acf_changed":false,"footnotes":""},"class_list":["post-5916","page","type-page","status-publish"],"acf":[],"yoast_head":"<!-- This site is optimized with the Yoast SEO plugin v27.2 - https:\/\/yoast.com\/product\/yoast-seo-wordpress\/ -->\n<title>We are back &#8226; Canary Islands Film<\/title>\n<meta name=\"description\" content=\"Explorar los casos de \u00e9xito de producciones en Canarias. Consulta nuestro directorio de profesionales y empresas audiovisuales para completar tu proyecto. Inf\u00f3rmate de la ventajas fiscales de rodar en las Islas Canarias con Canary Islands Film.\" \/>\n<meta name=\"robots\" content=\"index, follow, max-snippet:-1, max-image-preview:large, max-video-preview:-1\" \/>\n<link rel=\"canonical\" href=\"https:\/\/canaryislandsfilm.com\/en\/we-are-back\/\" \/>\n<meta property=\"og:locale\" content=\"en_US\" \/>\n<meta property=\"og:type\" content=\"article\" \/>\n<meta property=\"og:title\" content=\"We are back &#8226; Canary Islands Film\" \/>\n<meta property=\"og:description\" content=\"Explorar los casos de \u00e9xito de producciones en Canarias. Consulta nuestro directorio de profesionales y empresas audiovisuales para completar tu proyecto. Inf\u00f3rmate de la ventajas fiscales de rodar en las Islas Canarias con Canary Islands Film.\" \/>\n<meta property=\"og:url\" content=\"https:\/\/canaryislandsfilm.com\/en\/we-are-back\/\" \/>\n<meta property=\"og:site_name\" content=\"Canary Islands Film\" \/>\n<meta property=\"article:publisher\" content=\"https:\/\/www.facebook.com\/CanaryIslandsFilm\/\" \/>\n<meta property=\"article:modified_time\" content=\"2020-06-16T07:58:35+00:00\" \/>\n<meta property=\"og:image\" content=\"https:\/\/canaryislandsfilm.com\/wp-content\/uploads\/2019\/06\/logonotica-CIF.png\" \/>\n\t<meta property=\"og:image:width\" content=\"400\" \/>\n\t<meta property=\"og:image:height\" content=\"111\" \/>\n\t<meta property=\"og:image:type\" content=\"image\/png\" \/>\n<meta name=\"twitter:card\" content=\"summary_large_image\" \/>\n<meta name=\"twitter:label1\" content=\"Est. reading time\" \/>\n\t<meta name=\"twitter:data1\" content=\"6 minutes\" \/>\n<script type=\"application\/ld+json\" class=\"yoast-schema-graph\">{\"@context\":\"https:\/\/schema.org\",\"@graph\":[{\"@type\":\"WebPage\",\"@id\":\"https:\/\/canaryislandsfilm.com\/en\/we-are-back\/\",\"url\":\"https:\/\/canaryislandsfilm.com\/en\/we-are-back\/\",\"name\":\"We are back &#8226; Canary Islands Film\",\"isPartOf\":{\"@id\":\"https:\/\/canaryislandsfilm.com\/#website\"},\"datePublished\":\"2020-06-04T15:49:02+00:00\",\"dateModified\":\"2020-06-16T07:58:35+00:00\",\"description\":\"Explorar los casos de \u00e9xito de producciones en Canarias. Consulta nuestro directorio de profesionales y empresas audiovisuales para completar tu proyecto. Inf\u00f3rmate de la ventajas fiscales de rodar en las Islas Canarias con Canary Islands Film.\",\"breadcrumb\":{\"@id\":\"https:\/\/canaryislandsfilm.com\/en\/we-are-back\/#breadcrumb\"},\"inLanguage\":\"en-US\",\"potentialAction\":[{\"@type\":\"ReadAction\",\"target\":[\"https:\/\/canaryislandsfilm.com\/en\/we-are-back\/\"]}]},{\"@type\":\"BreadcrumbList\",\"@id\":\"https:\/\/canaryislandsfilm.com\/en\/we-are-back\/#breadcrumb\",\"itemListElement\":[{\"@type\":\"ListItem\",\"position\":1,\"name\":\"Portada\",\"item\":\"https:\/\/canaryislandsfilm.com\/en\/\"},{\"@type\":\"ListItem\",\"position\":2,\"name\":\"We are back\"}]},{\"@type\":\"WebSite\",\"@id\":\"https:\/\/canaryislandsfilm.com\/#website\",\"url\":\"https:\/\/canaryislandsfilm.com\/\",\"name\":\"Canary Islands Film\",\"description\":\"Departamento del Gobierno de Canarias a trav\u00e9s del cual puedes encontrar la informaci\u00f3n necesaria sobre las ventajas fiscales, las localizaciones, y todo lo necesario para tu producci\u00f3n audiovisual.\",\"publisher\":{\"@id\":\"https:\/\/canaryislandsfilm.com\/#organization\"},\"alternateName\":\"Canary Islands Film. The Smart Filming\",\"potentialAction\":[{\"@type\":\"SearchAction\",\"target\":{\"@type\":\"EntryPoint\",\"urlTemplate\":\"https:\/\/canaryislandsfilm.com\/?s={search_term_string}\"},\"query-input\":{\"@type\":\"PropertyValueSpecification\",\"valueRequired\":true,\"valueName\":\"search_term_string\"}}],\"inLanguage\":\"en-US\"},{\"@type\":\"Organization\",\"@id\":\"https:\/\/canaryislandsfilm.com\/#organization\",\"name\":\"Canary Islands Film\",\"url\":\"https:\/\/canaryislandsfilm.com\/\",\"logo\":{\"@type\":\"ImageObject\",\"inLanguage\":\"en-US\",\"@id\":\"https:\/\/canaryislandsfilm.com\/#\/schema\/logo\/image\/\",\"url\":\"https:\/\/canaryislandsfilm.com\/wp-content\/uploads\/2019\/06\/logonotica-CIF.png\",\"contentUrl\":\"https:\/\/canaryislandsfilm.com\/wp-content\/uploads\/2019\/06\/logonotica-CIF.png\",\"width\":400,\"height\":111,\"caption\":\"Canary Islands Film\"},\"image\":{\"@id\":\"https:\/\/canaryislandsfilm.com\/#\/schema\/logo\/image\/\"},\"sameAs\":[\"https:\/\/www.facebook.com\/CanaryIslandsFilm\/\",\"https:\/\/www.instagram.com\/canaryislandsfilm\/\",\"https:\/\/www.youtube.com\/channel\/UCaLlibOVe6aF3QkQ2Ksxd7Q\"]}]}<\/script>\n<!-- \/ Yoast SEO plugin. -->","yoast_head_json":{"title":"We are back &#8226; Canary Islands Film","description":"Explorar los casos de \u00e9xito de producciones en Canarias. Consulta nuestro directorio de profesionales y empresas audiovisuales para completar tu proyecto. Inf\u00f3rmate de la ventajas fiscales de rodar en las Islas Canarias con Canary Islands Film.","robots":{"index":"index","follow":"follow","max-snippet":"max-snippet:-1","max-image-preview":"max-image-preview:large","max-video-preview":"max-video-preview:-1"},"canonical":"https:\/\/canaryislandsfilm.com\/en\/we-are-back\/","og_locale":"en_US","og_type":"article","og_title":"We are back &#8226; Canary Islands Film","og_description":"Explorar los casos de \u00e9xito de producciones en Canarias. Consulta nuestro directorio de profesionales y empresas audiovisuales para completar tu proyecto. Inf\u00f3rmate de la ventajas fiscales de rodar en las Islas Canarias con Canary Islands Film.","og_url":"https:\/\/canaryislandsfilm.com\/en\/we-are-back\/","og_site_name":"Canary Islands Film","article_publisher":"https:\/\/www.facebook.com\/CanaryIslandsFilm\/","article_modified_time":"2020-06-16T07:58:35+00:00","og_image":[{"width":400,"height":111,"url":"https:\/\/canaryislandsfilm.com\/wp-content\/uploads\/2019\/06\/logonotica-CIF.png","type":"image\/png"}],"twitter_card":"summary_large_image","twitter_misc":{"Est. reading time":"6 minutes"},"schema":{"@context":"https:\/\/schema.org","@graph":[{"@type":"WebPage","@id":"https:\/\/canaryislandsfilm.com\/en\/we-are-back\/","url":"https:\/\/canaryislandsfilm.com\/en\/we-are-back\/","name":"We are back &#8226; Canary Islands Film","isPartOf":{"@id":"https:\/\/canaryislandsfilm.com\/#website"},"datePublished":"2020-06-04T15:49:02+00:00","dateModified":"2020-06-16T07:58:35+00:00","description":"Explorar los casos de \u00e9xito de producciones en Canarias. Consulta nuestro directorio de profesionales y empresas audiovisuales para completar tu proyecto. Inf\u00f3rmate de la ventajas fiscales de rodar en las Islas Canarias con Canary Islands Film.","breadcrumb":{"@id":"https:\/\/canaryislandsfilm.com\/en\/we-are-back\/#breadcrumb"},"inLanguage":"en-US","potentialAction":[{"@type":"ReadAction","target":["https:\/\/canaryislandsfilm.com\/en\/we-are-back\/"]}]},{"@type":"BreadcrumbList","@id":"https:\/\/canaryislandsfilm.com\/en\/we-are-back\/#breadcrumb","itemListElement":[{"@type":"ListItem","position":1,"name":"Portada","item":"https:\/\/canaryislandsfilm.com\/en\/"},{"@type":"ListItem","position":2,"name":"We are back"}]},{"@type":"WebSite","@id":"https:\/\/canaryislandsfilm.com\/#website","url":"https:\/\/canaryislandsfilm.com\/","name":"Canary Islands Film","description":"Departamento del Gobierno de Canarias a trav\u00e9s del cual puedes encontrar la informaci\u00f3n necesaria sobre las ventajas fiscales, las localizaciones, y todo lo necesario para tu producci\u00f3n audiovisual.","publisher":{"@id":"https:\/\/canaryislandsfilm.com\/#organization"},"alternateName":"Canary Islands Film. The Smart Filming","potentialAction":[{"@type":"SearchAction","target":{"@type":"EntryPoint","urlTemplate":"https:\/\/canaryislandsfilm.com\/?s={search_term_string}"},"query-input":{"@type":"PropertyValueSpecification","valueRequired":true,"valueName":"search_term_string"}}],"inLanguage":"en-US"},{"@type":"Organization","@id":"https:\/\/canaryislandsfilm.com\/#organization","name":"Canary Islands Film","url":"https:\/\/canaryislandsfilm.com\/","logo":{"@type":"ImageObject","inLanguage":"en-US","@id":"https:\/\/canaryislandsfilm.com\/#\/schema\/logo\/image\/","url":"https:\/\/canaryislandsfilm.com\/wp-content\/uploads\/2019\/06\/logonotica-CIF.png","contentUrl":"https:\/\/canaryislandsfilm.com\/wp-content\/uploads\/2019\/06\/logonotica-CIF.png","width":400,"height":111,"caption":"Canary Islands Film"},"image":{"@id":"https:\/\/canaryislandsfilm.com\/#\/schema\/logo\/image\/"},"sameAs":["https:\/\/www.facebook.com\/CanaryIslandsFilm\/","https:\/\/www.instagram.com\/canaryislandsfilm\/","https:\/\/www.youtube.com\/channel\/UCaLlibOVe6aF3QkQ2Ksxd7Q"]}]}},"_links":{"self":[{"href":"https:\/\/canaryislandsfilm.com\/en\/wp-json\/wp\/v2\/pages\/5916","targetHints":{"allow":["GET"]}}],"collection":[{"href":"https:\/\/canaryislandsfilm.com\/en\/wp-json\/wp\/v2\/pages"}],"about":[{"href":"https:\/\/canaryislandsfilm.com\/en\/wp-json\/wp\/v2\/types\/page"}],"author":[{"embeddable":true,"href":"https:\/\/canaryislandsfilm.com\/en\/wp-json\/wp\/v2\/users\/1"}],"replies":[{"embeddable":true,"href":"https:\/\/canaryislandsfilm.com\/en\/wp-json\/wp\/v2\/comments?post=5916"}],"version-history":[{"count":9,"href":"https:\/\/canaryislandsfilm.com\/en\/wp-json\/wp\/v2\/pages\/5916\/revisions"}],"predecessor-version":[{"id":5979,"href":"https:\/\/canaryislandsfilm.com\/en\/wp-json\/wp\/v2\/pages\/5916\/revisions\/5979"}],"wp:attachment":[{"href":"https:\/\/canaryislandsfilm.com\/en\/wp-json\/wp\/v2\/media?parent=5916"}],"curies":[{"name":"wp","href":"https:\/\/api.w.org\/{rel}","templated":true}]}}