{"id":9618,"date":"2022-02-25T12:05:32","date_gmt":"2022-02-25T12:05:32","guid":{"rendered":"https:\/\/canaryislandsfilm.com\/?page_id=9618"},"modified":"2022-03-14T08:49:07","modified_gmt":"2022-03-14T08:49:07","slug":"suscribe","status":"publish","type":"page","link":"https:\/\/canaryislandsfilm.com\/en\/suscribe\/","title":{"rendered":"Suscribe"},"content":{"rendered":"[vc_row type=&#8221;full_width_background&#8221; full_screen_row_position=&#8221;middle&#8221; column_margin=&#8221;default&#8221; column_direction=&#8221;default&#8221; column_direction_tablet=&#8221;default&#8221; column_direction_phone=&#8221;default&#8221; bg_color=&#8221;#a04995&#8243; full_height=&#8221;yes&#8221; scene_position=&#8221;center&#8221; text_color=&#8221;dark&#8221; text_align=&#8221;center&#8221; row_border_radius=&#8221;none&#8221; row_border_radius_applies=&#8221;bg&#8221; overflow=&#8221;visible&#8221; class=&#8221;grandeaqui&#8221; advanced_gradient_angle=&#8221;0&#8243; overlay_strength=&#8221;0.3&#8243; gradient_direction=&#8221;left_to_right&#8221; shape_divider_position=&#8221;bottom&#8221; bg_image_animation=&#8221;none&#8221; gradient_type=&#8221;default&#8221; shape_type=&#8221;&#8221;][vc_column column_padding=&#8221;no-extra-padding&#8221; column_padding_tablet=&#8221;inherit&#8221; column_padding_phone=&#8221;inherit&#8221; column_padding_position=&#8221;all&#8221; column_element_spacing=&#8221;default&#8221; background_color_opacity=&#8221;1&#8243; background_hover_color_opacity=&#8221;1&#8243; column_shadow=&#8221;none&#8221; column_border_radius=&#8221;none&#8221; column_link_target=&#8221;_self&#8221; column_position=&#8221;default&#8221; gradient_direction=&#8221;left_to_right&#8221; overlay_strength=&#8221;0.3&#8243; width=&#8221;1\/1&#8243; tablet_width_inherit=&#8221;default&#8221; tablet_text_alignment=&#8221;default&#8221; phone_text_alignment=&#8221;default&#8221; animation_type=&#8221;default&#8221; bg_image_animation=&#8221;none&#8221; border_type=&#8221;simple&#8221; column_border_width=&#8221;none&#8221; column_border_style=&#8221;solid&#8221;][vc_raw_html]JTVCbWM0d3BfZm9ybSUyMGlkJTNEJTIyMTcxMyUyMiU1RA==[\/vc_raw_html][divider line_type=&#8221;No Line&#8221; custom_height=&#8221;100&#8243;][vc_column_text]\n<h4><span style=\"color: #ffffff;\">Follow us: <\/span><\/h4>\n[\/vc_column_text][vc_raw_html]JTBBJTNDYSUyMGhyZWYlM0QlMjJodHRwcyUzQSUyRiUyRnd3dy5pbnN0YWdyYW0uY29tJTJGY2FuYXJ5aXNsYW5kc2ZpbG0lMkYlMjIlMjBjbGFzcyUzRCUyMmZiJTIwc29jX2ljb24taW5zdGFncmFtJTIyJTIwdGFyZ2V0JTNEJTIyX2JsYW5rJTIyJTIwcmVsJTNEJTIybm9vcGVuZXIlMjBub3JlZmVycmVyJTIyJTNFJTNDaSUyMGNsYXNzJTNEJTIyZmElMjBmYS1pbnN0YWdyYW0lMjIlM0UlM0MlMkZpJTNFJTBBJTIwJTNDJTJGYSUzRSUwQSUwQSUwQSUwOSUwOSUwOSUwOSUwOSUwOSUwOSUwOSUwOSUwOSUwOSUwOSUwOSUwOSUwOSUwOSUzQ2ElMjBocmVmJTNEJTIyaHR0cHMlM0ElMkYlMkZ3d3cuZmFjZWJvb2suY29tJTJGQ2FuYXJ5SXNsYW5kc0ZpbG0lMkYlMjIlMjBjbGFzcyUzRCUyMmZiJTIwc29jX2ljb24tZmFjZWJvb2slMjIlMjB0YXJnZXQlM0QlMjJfYmxhbmslMjIlMjByZWwlM0QlMjJub29wZW5lciUyMG5vcmVmZXJyZXIlMjIlM0UlM0NpJTIwY2xhc3MlM0QlMjdmYSUyMGZhLWZhY2Vib29rJTI3JTNFJTNDJTJGaSUzRSUyMCUzQyUyRmElM0UlMEElMEElMDklMEElMEElMDklMDklMDklMDklMDklMDklMDklMDklMDklMDklMDklMDklMDklMDklMDklMDklM0NhJTIwaHJlZiUzRCUyMmh0dHBzJTNBJTJGJTJGd3d3LnlvdXR1YmUuY29tJTJGY2hhbm5lbCUyRlVDYUxsaWJPVmU2YUYzUWtRMktzeGQ3USUyMiUyMGNsYXNzJTNEJTIyZmIlMjBzb2NfaWNvbi15b3V0dWJlJTIyJTIwdGFyZ2V0JTNEJTIyX2JsYW5rJTIyJTIwcmVsJTNEJTIybm9vcGVuZXIlMjBub3JlZmVycmVyJTIyJTNFJTNDaSUyMGNsYXNzJTNEJTI3ZmElMjBmYS15b3V0dWJlJTI3JTNFJTNDJTJGaSUzRSUyMCUyMCUzQyUyRmElM0UlMEE=[\/vc_raw_html][\/vc_column][\/vc_row]\n","protected":false},"excerpt":{"rendered":"<p>[vc_row type=&#8221;full_width_background&#8221; full_screen_row_position=&#8221;middle&#8221; column_margin=&#8221;default&#8221; column_direction=&#8221;default&#8221; column_direction_tablet=&#8221;default&#8221; column_direction_phone=&#8221;default&#8221; bg_color=&#8221;#a04995&#8243; full_height=&#8221;yes&#8221; scene_position=&#8221;center&#8221; text_color=&#8221;dark&#8221; text_align=&#8221;center&#8221; row_border_radius=&#8221;none&#8221; row_border_radius_applies=&#8221;bg&#8221; overflow=&#8221;visible&#8221; class=&#8221;grandeaqui&#8221; advanced_gradient_angle=&#8221;0&#8243; overlay_strength=&#8221;0.3&#8243; gradient_direction=&#8221;left_to_right&#8221; shape_divider_position=&#8221;bottom&#8221; bg_image_animation=&#8221;none&#8221; gradient_type=&#8221;default&#8221; shape_type=&#8221;&#8221;][vc_column column_padding=&#8221;no-extra-padding&#8221; column_padding_tablet=&#8221;inherit&#8221; column_padding_phone=&#8221;inherit&#8221; column_padding_position=&#8221;all&#8221; column_element_spacing=&#8221;default&#8221; background_color_opacity=&#8221;1&#8243; background_hover_color_opacity=&#8221;1&#8243;&#8230;<\/p>\n","protected":false},"author":1,"featured_media":0,"parent":0,"menu_order":0,"comment_status":"closed","ping_status":"closed","template":"","meta":{"_acf_changed":false,"footnotes":""},"class_list":["post-9618","page","type-page","status-publish"],"acf":[],"yoast_head":"<!-- This site is optimized with the Yoast SEO plugin v27.2 - https:\/\/yoast.com\/product\/yoast-seo-wordpress\/ -->\n<title>Suscribe &#8226; Canary Islands Film<\/title>\n<meta name=\"description\" content=\"Explorar los casos de \u00e9xito de producciones en Canarias. Consulta nuestro directorio de profesionales y empresas audiovisuales para completar tu proyecto. Inf\u00f3rmate de la ventajas fiscales de rodar en las Islas Canarias con Canary Islands Film.\" \/>\n<meta name=\"robots\" content=\"index, follow, max-snippet:-1, max-image-preview:large, max-video-preview:-1\" \/>\n<link rel=\"canonical\" href=\"https:\/\/canaryislandsfilm.com\/en\/suscribe\/\" \/>\n<meta property=\"og:locale\" content=\"en_US\" \/>\n<meta property=\"og:type\" content=\"article\" \/>\n<meta property=\"og:title\" content=\"Suscribe &#8226; Canary Islands Film\" \/>\n<meta property=\"og:description\" content=\"Explorar los casos de \u00e9xito de producciones en Canarias. Consulta nuestro directorio de profesionales y empresas audiovisuales para completar tu proyecto. Inf\u00f3rmate de la ventajas fiscales de rodar en las Islas Canarias con Canary Islands Film.\" \/>\n<meta property=\"og:url\" content=\"https:\/\/canaryislandsfilm.com\/en\/suscribe\/\" \/>\n<meta property=\"og:site_name\" content=\"Canary Islands Film\" \/>\n<meta property=\"article:publisher\" content=\"https:\/\/www.facebook.com\/CanaryIslandsFilm\/\" \/>\n<meta property=\"article:modified_time\" content=\"2022-03-14T08:49:07+00:00\" \/>\n<meta property=\"og:image\" content=\"https:\/\/canaryislandsfilm.com\/wp-content\/uploads\/2019\/06\/logonotica-CIF.png\" \/>\n\t<meta property=\"og:image:width\" content=\"400\" \/>\n\t<meta property=\"og:image:height\" content=\"111\" \/>\n\t<meta property=\"og:image:type\" content=\"image\/png\" \/>\n<meta name=\"twitter:card\" content=\"summary_large_image\" \/>\n<meta name=\"twitter:label1\" content=\"Est. reading time\" \/>\n\t<meta name=\"twitter:data1\" content=\"1 minute\" \/>\n<script type=\"application\/ld+json\" class=\"yoast-schema-graph\">{\"@context\":\"https:\/\/schema.org\",\"@graph\":[{\"@type\":\"WebPage\",\"@id\":\"https:\/\/canaryislandsfilm.com\/en\/suscribe\/\",\"url\":\"https:\/\/canaryislandsfilm.com\/en\/suscribe\/\",\"name\":\"Suscribe &#8226; Canary Islands Film\",\"isPartOf\":{\"@id\":\"https:\/\/canaryislandsfilm.com\/#website\"},\"datePublished\":\"2022-02-25T12:05:32+00:00\",\"dateModified\":\"2022-03-14T08:49:07+00:00\",\"description\":\"Explorar los casos de \u00e9xito de producciones en Canarias. Consulta nuestro directorio de profesionales y empresas audiovisuales para completar tu proyecto. Inf\u00f3rmate de la ventajas fiscales de rodar en las Islas Canarias con Canary Islands Film.\",\"breadcrumb\":{\"@id\":\"https:\/\/canaryislandsfilm.com\/en\/suscribe\/#breadcrumb\"},\"inLanguage\":\"en-US\",\"potentialAction\":[{\"@type\":\"ReadAction\",\"target\":[\"https:\/\/canaryislandsfilm.com\/en\/suscribe\/\"]}]},{\"@type\":\"BreadcrumbList\",\"@id\":\"https:\/\/canaryislandsfilm.com\/en\/suscribe\/#breadcrumb\",\"itemListElement\":[{\"@type\":\"ListItem\",\"position\":1,\"name\":\"Portada\",\"item\":\"https:\/\/canaryislandsfilm.com\/en\/\"},{\"@type\":\"ListItem\",\"position\":2,\"name\":\"Suscribe\"}]},{\"@type\":\"WebSite\",\"@id\":\"https:\/\/canaryislandsfilm.com\/#website\",\"url\":\"https:\/\/canaryislandsfilm.com\/\",\"name\":\"Canary Islands Film\",\"description\":\"Departamento del Gobierno de Canarias a trav\u00e9s del cual puedes encontrar la informaci\u00f3n necesaria sobre las ventajas fiscales, las localizaciones, y todo lo necesario para tu producci\u00f3n audiovisual.\",\"publisher\":{\"@id\":\"https:\/\/canaryislandsfilm.com\/#organization\"},\"alternateName\":\"Canary Islands Film. The Smart Filming\",\"potentialAction\":[{\"@type\":\"SearchAction\",\"target\":{\"@type\":\"EntryPoint\",\"urlTemplate\":\"https:\/\/canaryislandsfilm.com\/?s={search_term_string}\"},\"query-input\":{\"@type\":\"PropertyValueSpecification\",\"valueRequired\":true,\"valueName\":\"search_term_string\"}}],\"inLanguage\":\"en-US\"},{\"@type\":\"Organization\",\"@id\":\"https:\/\/canaryislandsfilm.com\/#organization\",\"name\":\"Canary Islands Film\",\"url\":\"https:\/\/canaryislandsfilm.com\/\",\"logo\":{\"@type\":\"ImageObject\",\"inLanguage\":\"en-US\",\"@id\":\"https:\/\/canaryislandsfilm.com\/#\/schema\/logo\/image\/\",\"url\":\"https:\/\/canaryislandsfilm.com\/wp-content\/uploads\/2019\/06\/logonotica-CIF.png\",\"contentUrl\":\"https:\/\/canaryislandsfilm.com\/wp-content\/uploads\/2019\/06\/logonotica-CIF.png\",\"width\":400,\"height\":111,\"caption\":\"Canary Islands Film\"},\"image\":{\"@id\":\"https:\/\/canaryislandsfilm.com\/#\/schema\/logo\/image\/\"},\"sameAs\":[\"https:\/\/www.facebook.com\/CanaryIslandsFilm\/\",\"https:\/\/www.instagram.com\/canaryislandsfilm\/\",\"https:\/\/www.youtube.com\/channel\/UCaLlibOVe6aF3QkQ2Ksxd7Q\"]}]}<\/script>\n<!-- \/ Yoast SEO plugin. -->","yoast_head_json":{"title":"Suscribe &#8226; Canary Islands Film","description":"Explorar los casos de \u00e9xito de producciones en Canarias. Consulta nuestro directorio de profesionales y empresas audiovisuales para completar tu proyecto. Inf\u00f3rmate de la ventajas fiscales de rodar en las Islas Canarias con Canary Islands Film.","robots":{"index":"index","follow":"follow","max-snippet":"max-snippet:-1","max-image-preview":"max-image-preview:large","max-video-preview":"max-video-preview:-1"},"canonical":"https:\/\/canaryislandsfilm.com\/en\/suscribe\/","og_locale":"en_US","og_type":"article","og_title":"Suscribe &#8226; Canary Islands Film","og_description":"Explorar los casos de \u00e9xito de producciones en Canarias. Consulta nuestro directorio de profesionales y empresas audiovisuales para completar tu proyecto. Inf\u00f3rmate de la ventajas fiscales de rodar en las Islas Canarias con Canary Islands Film.","og_url":"https:\/\/canaryislandsfilm.com\/en\/suscribe\/","og_site_name":"Canary Islands Film","article_publisher":"https:\/\/www.facebook.com\/CanaryIslandsFilm\/","article_modified_time":"2022-03-14T08:49:07+00:00","og_image":[{"width":400,"height":111,"url":"https:\/\/canaryislandsfilm.com\/wp-content\/uploads\/2019\/06\/logonotica-CIF.png","type":"image\/png"}],"twitter_card":"summary_large_image","twitter_misc":{"Est. reading time":"1 minute"},"schema":{"@context":"https:\/\/schema.org","@graph":[{"@type":"WebPage","@id":"https:\/\/canaryislandsfilm.com\/en\/suscribe\/","url":"https:\/\/canaryislandsfilm.com\/en\/suscribe\/","name":"Suscribe &#8226; Canary Islands Film","isPartOf":{"@id":"https:\/\/canaryislandsfilm.com\/#website"},"datePublished":"2022-02-25T12:05:32+00:00","dateModified":"2022-03-14T08:49:07+00:00","description":"Explorar los casos de \u00e9xito de producciones en Canarias. Consulta nuestro directorio de profesionales y empresas audiovisuales para completar tu proyecto. Inf\u00f3rmate de la ventajas fiscales de rodar en las Islas Canarias con Canary Islands Film.","breadcrumb":{"@id":"https:\/\/canaryislandsfilm.com\/en\/suscribe\/#breadcrumb"},"inLanguage":"en-US","potentialAction":[{"@type":"ReadAction","target":["https:\/\/canaryislandsfilm.com\/en\/suscribe\/"]}]},{"@type":"BreadcrumbList","@id":"https:\/\/canaryislandsfilm.com\/en\/suscribe\/#breadcrumb","itemListElement":[{"@type":"ListItem","position":1,"name":"Portada","item":"https:\/\/canaryislandsfilm.com\/en\/"},{"@type":"ListItem","position":2,"name":"Suscribe"}]},{"@type":"WebSite","@id":"https:\/\/canaryislandsfilm.com\/#website","url":"https:\/\/canaryislandsfilm.com\/","name":"Canary Islands Film","description":"Departamento del Gobierno de Canarias a trav\u00e9s del cual puedes encontrar la informaci\u00f3n necesaria sobre las ventajas fiscales, las localizaciones, y todo lo necesario para tu producci\u00f3n audiovisual.","publisher":{"@id":"https:\/\/canaryislandsfilm.com\/#organization"},"alternateName":"Canary Islands Film. The Smart Filming","potentialAction":[{"@type":"SearchAction","target":{"@type":"EntryPoint","urlTemplate":"https:\/\/canaryislandsfilm.com\/?s={search_term_string}"},"query-input":{"@type":"PropertyValueSpecification","valueRequired":true,"valueName":"search_term_string"}}],"inLanguage":"en-US"},{"@type":"Organization","@id":"https:\/\/canaryislandsfilm.com\/#organization","name":"Canary Islands Film","url":"https:\/\/canaryislandsfilm.com\/","logo":{"@type":"ImageObject","inLanguage":"en-US","@id":"https:\/\/canaryislandsfilm.com\/#\/schema\/logo\/image\/","url":"https:\/\/canaryislandsfilm.com\/wp-content\/uploads\/2019\/06\/logonotica-CIF.png","contentUrl":"https:\/\/canaryislandsfilm.com\/wp-content\/uploads\/2019\/06\/logonotica-CIF.png","width":400,"height":111,"caption":"Canary Islands Film"},"image":{"@id":"https:\/\/canaryislandsfilm.com\/#\/schema\/logo\/image\/"},"sameAs":["https:\/\/www.facebook.com\/CanaryIslandsFilm\/","https:\/\/www.instagram.com\/canaryislandsfilm\/","https:\/\/www.youtube.com\/channel\/UCaLlibOVe6aF3QkQ2Ksxd7Q"]}]}},"_links":{"self":[{"href":"https:\/\/canaryislandsfilm.com\/en\/wp-json\/wp\/v2\/pages\/9618","targetHints":{"allow":["GET"]}}],"collection":[{"href":"https:\/\/canaryislandsfilm.com\/en\/wp-json\/wp\/v2\/pages"}],"about":[{"href":"https:\/\/canaryislandsfilm.com\/en\/wp-json\/wp\/v2\/types\/page"}],"author":[{"embeddable":true,"href":"https:\/\/canaryislandsfilm.com\/en\/wp-json\/wp\/v2\/users\/1"}],"replies":[{"embeddable":true,"href":"https:\/\/canaryislandsfilm.com\/en\/wp-json\/wp\/v2\/comments?post=9618"}],"version-history":[{"count":2,"href":"https:\/\/canaryislandsfilm.com\/en\/wp-json\/wp\/v2\/pages\/9618\/revisions"}],"predecessor-version":[{"id":9620,"href":"https:\/\/canaryislandsfilm.com\/en\/wp-json\/wp\/v2\/pages\/9618\/revisions\/9620"}],"wp:attachment":[{"href":"https:\/\/canaryislandsfilm.com\/en\/wp-json\/wp\/v2\/media?parent=9618"}],"curies":[{"name":"wp","href":"https:\/\/api.w.org\/{rel}","templated":true}]}}